{"id":479,"date":"2019-01-18T17:49:02","date_gmt":"2019-01-18T16:49:02","guid":{"rendered":"https:\/\/lab.library.universiteitleiden.nl\/abnormalhieratic\/?page_id=479"},"modified":"2022-01-17T11:32:37","modified_gmt":"2022-01-17T10:32:37","slug":"colophon","status":"publish","type":"page","link":"https:\/\/lab.library.universiteitleiden.nl\/abnormalhieratic\/colophon\/","title":{"rendered":"Colophon"},"content":{"rendered":"\n<p><em>The Abnormal Hieratic Global Portal<\/em> is a collaboration between the Mus\u00e9e du Louvre (D\u00e9partement des Antiquit\u00e9s \u00c9gyptiennes) and Leiden University Library (Centre for Digital Scholarship), supported by the Leiden University Faculty of Humanities (IT &amp; Education) and the Papyrologisch Instituut Leiden.<\/p>\n\n\n\n<p>The main credit for the overall concept is due to Erhart Graefe of the Westf\u00e4lische Wilhelms-Universit\u00e4t M\u00fcnster, who demonstrated a&nbsp;similar concept&nbsp;during the 2013 <em>Binsenweisheiten<\/em> <em>Conference<\/em> at the Johannes Gutenberg Universit\u00e4t Mainz. He had the vision on which we could build.<\/p>\n\n\n\n<h2 class=\"wp-block-heading\">Project team<\/h2>\n\n\n\n<p>Juan Jos\u00e9 Archidona Ram\u00edrez (Leiden University; Papyrologisch Instituut Leiden): smart data-entry<\/p>\n\n\n\n<p><a href=\"https:\/\/www.universiteitleiden.nl\/en\/staffmembers\/ben-companjen\">Ben Companjen<\/a> (Leiden University Library; Centre for Digital Scholarship): technical realisation<\/p>\n\n\n\n<p>Koenraad Donker van Heel (Leiden University; Papyrologisch Instituut Leiden): concept, content and project management<\/p>\n\n\n\n<p>Ferdinand Harmsen (Leiden University; Faculty of Humanities IT &amp; Education): initiation of project, design and financial support<\/p>\n\n\n\n<p>Elena Luise Hertel\u00a0(Leiden University; Papyrologisch Instituut Leiden): smart data-entry<\/p>\n\n\n\n<p>Cheyenne Cozijnsen (Leiden University; Papyrologisch Instituut Leiden): smart data-entry and video content management<\/p>\n\n\n\n<p>Laurents Sesink (Leiden University Library; Centre for Digital Scholarship): general supervision<\/p>\n\n\n\n<h2 class=\"wp-block-heading\">Contributors<\/h2>\n\n\n\n<p>Marc \u00c9tienne (Mus\u00e9e du Louvre; D\u00e9partement des Antiquit\u00e9s \u00c9gyptiennes): authorisation and photographic material<\/p>\n\n\n\n<p>Cary J. Martin (University College London): video voice-over<\/p>\n\n\n\n<p>Richard Jasnow (Johns Hopkins University Baltimore): permission to&nbsp;use his private working palaeography<\/p>\n\n\n\n<p>Vincent Rondot (Mus\u00e9e du Louvre; D\u00e9partement des Antiquit\u00e9s \u00c9gyptiennes): authorisation and photographic material<\/p>\n\n\n\n<p>Thomas Vorisek (Leiden University; Faculty of Humanities IT &amp; Education): videos<\/p>\n","protected":false},"excerpt":{"rendered":"<div class=\"entry-summary\">\nThe Abnormal Hieratic Global Portal is a collaboration between the Mus\u00e9e du Louvre (D\u00e9partement des Antiquit\u00e9s \u00c9gyptiennes) and Leiden University&hellip;\n<\/div>\n<div class=\"link-more\"><a href=\"https:\/\/lab.library.universiteitleiden.nl\/abnormalhieratic\/colophon\/\" class=\"more-link\">Continue reading<span class=\"screen-reader-text\"> &ldquo;Colophon&rdquo;<\/span>&hellip;<\/a><\/div>\n","protected":false},"author":3,"featured_media":0,"parent":0,"menu_order":0,"comment_status":"closed","ping_status":"closed","template":"","meta":{"footnotes":""},"class_list":["post-479","page","type-page","status-publish","hentry","entry"],"_links":{"self":[{"href":"https:\/\/lab.library.universiteitleiden.nl\/abnormalhieratic\/wp-json\/wp\/v2\/pages\/479","targetHints":{"allow":["GET"]}}],"collection":[{"href":"https:\/\/lab.library.universiteitleiden.nl\/abnormalhieratic\/wp-json\/wp\/v2\/pages"}],"about":[{"href":"https:\/\/lab.library.universiteitleiden.nl\/abnormalhieratic\/wp-json\/wp\/v2\/types\/page"}],"author":[{"embeddable":true,"href":"https:\/\/lab.library.universiteitleiden.nl\/abnormalhieratic\/wp-json\/wp\/v2\/users\/3"}],"replies":[{"embeddable":true,"href":"https:\/\/lab.library.universiteitleiden.nl\/abnormalhieratic\/wp-json\/wp\/v2\/comments?post=479"}],"version-history":[{"count":8,"href":"https:\/\/lab.library.universiteitleiden.nl\/abnormalhieratic\/wp-json\/wp\/v2\/pages\/479\/revisions"}],"predecessor-version":[{"id":1858,"href":"https:\/\/lab.library.universiteitleiden.nl\/abnormalhieratic\/wp-json\/wp\/v2\/pages\/479\/revisions\/1858"}],"wp:attachment":[{"href":"https:\/\/lab.library.universiteitleiden.nl\/abnormalhieratic\/wp-json\/wp\/v2\/media?parent=479"}],"curies":[{"name":"wp","href":"https:\/\/api.w.org\/{rel}","templated":true}]}}